{"id":459,"date":"2021-01-28T13:35:45","date_gmt":"2021-01-28T13:35:45","guid":{"rendered":"https:\/\/gasoilslaselva.com\/?page_id=459"},"modified":"2025-07-15T13:07:52","modified_gmt":"2025-07-15T11:07:52","slug":"aviso-legal-y-cookies","status":"publish","type":"page","link":"https:\/\/gasoilslaselva.com\/es\/aviso-legal-y-cookies\/","title":{"rendered":"Aviso legal y cookies"},"content":{"rendered":"\t\t<div data-elementor-type=\"wp-page\" data-elementor-id=\"459\" class=\"elementor elementor-459\" data-elementor-post-type=\"page\">\n\t\t\t\t\t\t<section class=\"elementor-section elementor-top-section elementor-element elementor-element-3be524e elementor-section-boxed elementor-section-height-default elementor-section-height-default\" data-id=\"3be524e\" data-element_type=\"section\">\n\t\t\t\t\t\t<div class=\"elementor-container elementor-column-gap-default\">\n\t\t\t\t\t<div class=\"elementor-column elementor-col-100 elementor-top-column elementor-element elementor-element-28e42d9\" data-id=\"28e42d9\" data-element_type=\"column\">\n\t\t\t<div class=\"elementor-widget-wrap elementor-element-populated\">\n\t\t\t\t\t\t<div class=\"elementor-element elementor-element-0c047e3 animated-slow elementor-align-center elementor-invisible elementor-widget elementor-widget-lottie\" data-id=\"0c047e3\" data-element_type=\"widget\" data-settings=\"{&quot;source&quot;:&quot;external_url&quot;,&quot;source_external_url&quot;:{&quot;url&quot;:&quot;https:\\\/\\\/assets8.lottiefiles.com\\\/private_files\\\/lf30_abpsfqg6.json&quot;,&quot;is_external&quot;:&quot;&quot;,&quot;nofollow&quot;:&quot;&quot;,&quot;custom_attributes&quot;:&quot;&quot;},&quot;trigger&quot;:&quot;none&quot;,&quot;loop&quot;:&quot;yes&quot;,&quot;motion_fx_motion_fx_mouse&quot;:&quot;yes&quot;,&quot;motion_fx_mouseTrack_effect&quot;:&quot;yes&quot;,&quot;motion_fx_mouseTrack_direction&quot;:&quot;negative&quot;,&quot;_animation&quot;:&quot;fadeIn&quot;,&quot;link_to&quot;:&quot;none&quot;,&quot;play_speed&quot;:{&quot;unit&quot;:&quot;px&quot;,&quot;size&quot;:1,&quot;sizes&quot;:[]},&quot;start_point&quot;:{&quot;unit&quot;:&quot;%&quot;,&quot;size&quot;:0,&quot;sizes&quot;:[]},&quot;end_point&quot;:{&quot;unit&quot;:&quot;%&quot;,&quot;size&quot;:100,&quot;sizes&quot;:[]},&quot;renderer&quot;:&quot;svg&quot;,&quot;motion_fx_mouseTrack_speed&quot;:{&quot;unit&quot;:&quot;px&quot;,&quot;size&quot;:1,&quot;sizes&quot;:[]}}\" data-widget_type=\"lottie.default\">\n\t\t\t\t<div class=\"elementor-widget-container\">\n\t\t\t<style>\/*! elementor-pro - v3.19.0 - 26-02-2024 *\/\n.e-lottie__container{display:inline-block;max-width:var(--lottie-container-max-width);width:var(--lottie-container-width);opacity:var(--lottie-container-opacity)}.e-lottie__container:hover{opacity:var(--lottie-container-opacity-hover);transition-duration:var(--lottie-container-transition-duration-hover)}.e-lottie__container svg,.e-lottie__container svg *{transition:none!important}.e-lottie__caption{color:var(--caption-color);margin-top:var(--caption-margin-top);text-align:var(--caption-text-align)}<\/style><div class=\"e-lottie__container\"><div class=\"e-lottie__animation\"><\/div><\/div>\t\t<\/div>\n\t\t\t\t<\/div>\n\t\t\t\t<div class=\"elementor-element elementor-element-63d75a8 animated-slow elementor-invisible elementor-widget elementor-widget-heading\" data-id=\"63d75a8\" data-element_type=\"widget\" data-settings=\"{&quot;_animation&quot;:&quot;fadeInUp&quot;,&quot;_animation_delay&quot;:300}\" data-widget_type=\"heading.default\">\n\t\t\t\t<div class=\"elementor-widget-container\">\n\t\t\t<style>\/*! elementor - v3.19.0 - 28-02-2024 *\/\n.elementor-heading-title{padding:0;margin:0;line-height:1}.elementor-widget-heading .elementor-heading-title[class*=elementor-size-]>a{color:inherit;font-size:inherit;line-height:inherit}.elementor-widget-heading .elementor-heading-title.elementor-size-small{font-size:15px}.elementor-widget-heading .elementor-heading-title.elementor-size-medium{font-size:19px}.elementor-widget-heading .elementor-heading-title.elementor-size-large{font-size:29px}.elementor-widget-heading .elementor-heading-title.elementor-size-xl{font-size:39px}.elementor-widget-heading .elementor-heading-title.elementor-size-xxl{font-size:59px}<\/style><h1 class=\"elementor-heading-title elementor-size-default\">Aviso legal y cookies<\/h1>\t\t<\/div>\n\t\t\t\t<\/div>\n\t\t\t\t\t<\/div>\n\t\t<\/div>\n\t\t\t\t\t<\/div>\n\t\t<\/section>\n\t\t\t\t<section class=\"elementor-section elementor-top-section elementor-element elementor-element-813937a elementor-section-boxed elementor-section-height-default elementor-section-height-default\" data-id=\"813937a\" data-element_type=\"section\">\n\t\t\t\t\t\t<div class=\"elementor-container elementor-column-gap-default\">\n\t\t\t\t\t<div class=\"elementor-column elementor-col-100 elementor-top-column elementor-element elementor-element-1af990b\" data-id=\"1af990b\" data-element_type=\"column\">\n\t\t\t<div class=\"elementor-widget-wrap elementor-element-populated\">\n\t\t\t\t\t\t<div class=\"elementor-element elementor-element-3b8b8d4 elementor-widget elementor-widget-heading\" data-id=\"3b8b8d4\" data-element_type=\"widget\" data-widget_type=\"heading.default\">\n\t\t\t\t<div class=\"elementor-widget-container\">\n\t\t\t<h2 class=\"elementor-heading-title elementor-size-default\">Aviso legal<\/h2>\t\t<\/div>\n\t\t\t\t<\/div>\n\t\t\t\t<div class=\"elementor-element elementor-element-762c92a elementor-widget elementor-widget-text-editor\" data-id=\"762c92a\" data-element_type=\"widget\" data-widget_type=\"text-editor.default\">\n\t\t\t\t<div class=\"elementor-widget-container\">\n\t\t\t<style>\/*! elementor - v3.19.0 - 28-02-2024 *\/\n.elementor-widget-text-editor.elementor-drop-cap-view-stacked .elementor-drop-cap{background-color:#69727d;color:#fff}.elementor-widget-text-editor.elementor-drop-cap-view-framed .elementor-drop-cap{color:#69727d;border:3px solid;background-color:transparent}.elementor-widget-text-editor:not(.elementor-drop-cap-view-default) .elementor-drop-cap{margin-top:8px}.elementor-widget-text-editor:not(.elementor-drop-cap-view-default) .elementor-drop-cap-letter{width:1em;height:1em}.elementor-widget-text-editor .elementor-drop-cap{float:left;text-align:center;line-height:1;font-size:50px}.elementor-widget-text-editor .elementor-drop-cap-letter{display:inline-block}<\/style>\t\t\t\t<p>1. El titular de este sitio web es GAS-OILS LA SELVA S.L., con N.I.F. B17590027, con domicilio en carretera Angl\u00e8s, km 1 &#8211; bajo, c\u00f3digo postal 17430 de Santa Coloma de Farners (Girona).<\/p><p>2. El acceso al site de GAS-OILS LA SELVA S.L. es gratuito. Todo el contenido es propiedad intelectual de GAS-OILS LA SELVA S.L. Cualquier utilizaci\u00f3n de los mismos contraria a las normas en materia de propiedad intelectual ser\u00e1 perseguida con arreglo a la legislaci\u00f3n vigente.<\/p>\t\t\t\t\t\t<\/div>\n\t\t\t\t<\/div>\n\t\t\t\t\t<\/div>\n\t\t<\/div>\n\t\t\t\t\t<\/div>\n\t\t<\/section>\n\t\t\t\t<section class=\"elementor-section elementor-top-section elementor-element elementor-element-4d7aa7c elementor-section-boxed elementor-section-height-default elementor-section-height-default\" data-id=\"4d7aa7c\" data-element_type=\"section\">\n\t\t\t\t\t\t<div class=\"elementor-container elementor-column-gap-default\">\n\t\t\t\t\t<div class=\"elementor-column elementor-col-100 elementor-top-column elementor-element elementor-element-740667c\" data-id=\"740667c\" data-element_type=\"column\">\n\t\t\t<div class=\"elementor-widget-wrap elementor-element-populated\">\n\t\t\t\t\t\t<div class=\"elementor-element elementor-element-86fd517 elementor-widget elementor-widget-heading\" data-id=\"86fd517\" data-element_type=\"widget\" data-widget_type=\"heading.default\">\n\t\t\t\t<div class=\"elementor-widget-container\">\n\t\t\t<h2 class=\"elementor-heading-title elementor-size-default\">Pol\u00edtica de Cookies<\/h2>\t\t<\/div>\n\t\t\t\t<\/div>\n\t\t\t\t<div class=\"elementor-element elementor-element-052ac1e elementor-widget elementor-widget-text-editor\" data-id=\"052ac1e\" data-element_type=\"widget\" data-widget_type=\"text-editor.default\">\n\t\t\t\t<div class=\"elementor-widget-container\">\n\t\t\t\t\t\t\t<p><b>Qu\u00e9 son las cookies<\/b><\/p><p><span style=\"font-weight: 400;\">Las cookies son archivos de informaci\u00f3n almacenados en su ordenador, tablet o smartphone que ayudan a las p\u00e1ginas web a recordar qui\u00e9n es usted y la informaci\u00f3n de su visita. Las cookies pueden ayudar a que la informaci\u00f3n se visualice en una p\u00e1gina web de un modo af\u00edn a sus intereses. La mayor\u00eda de las principales p\u00e1ginas web utilizan cookies.<\/span><\/p><p><span style=\"font-weight: 400;\">\u00a0<\/span><\/p><p><b>Qu\u00e9 cookies se utilizan en esta p\u00e1gina web<\/b><\/p><p><span style=\"font-weight: 400;\">Las cookies que utilizamos en esta p\u00e1gina web se agrupan a grandes rasgos en las siguientes categor\u00edas:<\/span><\/p><p><b>Esenciales <\/b><span style=\"font-weight: 400;\">&#8211; Algunas de las cookies de nuestra web son esenciales para que podamos prestarle el servicio que usted ha solicitado. Un ejemplo de ello son las cookies empleadas para permitirle conectarse a su cuenta en la web, colocar productos en su cesta de la compra o las que\u00a0 permiten la comunicaci\u00f3n entre su navegador y la web.<\/span><\/p><p><b>Anal\u00edticas<\/b><span style=\"font-weight: 400;\"> &#8211; Utilizamos cookies anal\u00edticas para ayudarnos a comprender qu\u00e9 uso hacen los usuarios de nuestra web. Por ejemplo, nos sirven para contar el n\u00famero de personas diferentes que visitan nuestra web o que utilizan una caracter\u00edstica en concreto, en lugar del n\u00famero total de veces que se utiliza la web o la caracter\u00edstica. Sin esta cookie, si usted visita la web una vez por semana durante tres semanas, le contar\u00edamos como tres usuarios independientes. Sin estas cookies, nos resultar\u00eda muy dif\u00edcil analizar el rendimiento de nuestra web y mejorarla.<\/span><\/p><p><b>Cookies de usuario<\/b><span style=\"font-weight: 400;\"> &#8211; Utilizamos cookies para mejorar su experiencia recordando sus preferencias. De este modo, sabemos c\u00f3mo le gusta utilizar nuestra web. Un ejemplo de ello ser\u00eda recordarle, de manera que le ofrezcamos el mismo contenido o recordarle la pr\u00f3xima vez que visite nuestra web.<\/span><\/p><p><b>Interacci\u00f3n social<\/b><span style=\"font-weight: 400;\"> &#8211; Utilizamos las cookies para permitirle compartir contenido directamente en las redes sociales, como Facebook, Twitter o Google+. Un ejemplo ser\u00eda cuando usted hace clic en \u201cme gusta\u201d o \u201ctuitea\u201d sobre un negocio o producto anunciado en nuestra web.<\/span><\/p><p><span style=\"font-weight: 400;\">\u00a0<\/span><\/p><p><b>\u00bfPuedo rechazar o excluir la recepci\u00f3n de cookies?<\/b><\/p><p><span style=\"font-weight: 400;\">Si vd. desea rechazar o excluir la recepci\u00f3n de cookies puede hacer lo siguiente:<\/span><\/p><ul><li style=\"font-weight: 400;\" aria-level=\"1\"><span style=\"font-weight: 400;\">Borre las cookies de su navegador. La mayor\u00eda de los navegadores le permiten evitar el almacenamiento en su equipo de todas las cookies o de algunas en lo sucesivo. Para m\u00e1s informaci\u00f3n sobre c\u00f3mo borrar o deshabilitar las cookies desde su navegador, utilice el men\u00fa de \u201cayuda\u201d del navegador.<\/span><\/li><li style=\"font-weight: 400;\" aria-level=\"1\"><span style=\"font-weight: 400;\">si s\u00f3lo quiere rechazar todas o algunas de las cookies de terceros, deber\u00e1 visitar directamente la web del tercero pertinente para gestionar las cookies que \u00e9ste almacena en su equipo. Consulte nuestra secci\u00f3n \u201cCookies de terceros\u201d<\/span><\/li><\/ul><p><span style=\"font-weight: 400;\">Tenga en cuenta que el hecho de deshabilitar las cookies puede afectar a las prestaciones de esta web.<\/span><\/p><p><span style=\"font-weight: 400;\">\u00a0<\/span><\/p><p><b>Cookies de terceros:<\/b><\/p><p><span style=\"font-weight: 400;\">Algunas de las cookies incluidas en las categor\u00edas de cookies descritas anteriormente las almacenan terceros en su equipo cuando usted utiliza nuestra web. No tenemos control alguno sobre estas cookies o el modo en que las utilizan los terceros. Se utilizan para permitir al tercero prestarnos un servicio, por ejemplo, de an\u00e1lisis.<\/span><\/p><p><span style=\"font-weight: 400;\">Para m\u00e1s informaci\u00f3n sobre estas cookies y sobre c\u00f3mo deshabilitarlas, vea la pol\u00edtica de privacidad individual de terceros que figura a continuaci\u00f3n:<\/span><\/p><p><span style=\"font-weight: 400;\">\u00a0<\/span><\/p><p><b>Adobe\/Omniture<\/b><\/p><p><span style=\"font-weight: 400;\">Tipo y finalidad: Anal\u00edticas<\/span><\/p><p><span style=\"font-weight: 400;\">Omniture proporciona datos an\u00f3nimos sobre las visitas a nuestra web y nos permite hacer pruebas y evaluar la mejor manera de presentar la web a nuestros usuarios.<\/span><\/p><p><span style=\"font-weight: 400;\">M\u00e1s informaci\u00f3n y desactivaci\u00f3n: <\/span><a href=\"http:\/\/www.adobe.com\/privacy\/analytics.html\"><span style=\"font-weight: 400;\">http:\/\/www.adobe.com\/privacy\/analytics.html<\/span><\/a><\/p><p><span style=\"font-weight: 400;\">\u00a0<\/span><\/p><p><b>Addthis<\/b><\/p><p><span style=\"font-weight: 400;\">Tipo y finalidad: Interacci\u00f3n social Addthis permite que la web sea compartida en redes sociales como Google +, Facebook, etc.<\/span><\/p><p><span style=\"font-weight: 400;\">M\u00e1s informaci\u00f3n y desactivaci\u00f3n: <\/span><a href=\"http:\/\/www.addthis.com\/privacy\/privacy-policy\"><span style=\"font-weight: 400;\">http:\/\/www.addthis.com\/privacy\/privacy-policy<\/span><\/a><\/p><p><span style=\"font-weight: 400;\">\u00a0<\/span><\/p><p><b>Google<\/b><\/p><p><span style=\"font-weight: 400;\">Tipo y finalidad: Ubicaci\u00f3n<\/span><\/p><p><span style=\"font-weight: 400;\">Google Maps proporciona un servicio de mapas. Registra el origen del usuario y las keywords utilizadas. Genera un prefijo \u00fanico con fines anal\u00edticos.<\/span><\/p><p><span style=\"font-weight: 400;\">Tipo y finalidad: Anal\u00edticas<\/span><\/p><p><span style=\"font-weight: 400;\">Google proporciona datos an\u00f3nimos sobre las visitas a la p\u00e1gina web.<\/span><\/p><p><span style=\"font-weight: 400;\">Tipo y finalidad: V\u00eddeos<\/span><\/p><p><span style=\"font-weight: 400;\">Youtube permite la subida y visualizaci\u00f3n de v\u00eddeos. Utiliza cookies para medir las visualizaciones o registrar eventos.<\/span><\/p><p><span style=\"font-weight: 400;\">Tipo y finalidad: Interacci\u00f3n Social<\/span><\/p><p><span style=\"font-weight: 400;\">Google permite que la informaci\u00f3n de la WEB sea compartida en su red social, Google +<\/span><\/p><p><span style=\"font-weight: 400;\">M\u00e1s informaci\u00f3n y desactivaci\u00f3n:<\/span><\/p><p><a href=\"http:\/\/www.google.com\/policies\/privacy\/\"><span style=\"font-weight: 400;\">http:\/\/www.google.com\/policies\/privacy\/<\/span><\/a><\/p><p><a href=\"https:\/\/developers.google.com\/analytics\/devguides\/collection\/analyticsjs\/cookie-usage?hl=es\"><span style=\"font-weight: 400;\">https:\/\/developers.google.com\/analytics\/devguides\/collection\/analyticsjs\/cookie-usage?hl=es<\/span><\/a><\/p><p><span style=\"font-weight: 400;\">\u00a0<\/span><\/p><p><b>WebsPlanet<\/b><\/p><p><span style=\"font-weight: 400;\">Tipo y finalidad: Esenciales y de usuario<\/span><\/p><p><span style=\"font-weight: 400;\">WebsPlanet utiliza cookies que permiten recordar el idioma de preferencia del usuario y le permiten mantener su sesi\u00f3n.<\/span><\/p><p><span style=\"font-weight: 400;\">\u00a0<\/span><\/p><p><span style=\"font-weight: 400;\">Esta p\u00e1gina web puede incluir adicionalmente otras cookies de redes sociales.<\/span><\/p><p><span style=\"font-weight: 400;\">Nos reservamos el derecho a actualizar\u00a0 oportunamente esta pol\u00edtica, por lo que puede que desee comprobarla cada vez que visite nuestra web. La presente pol\u00edtica fue modificada por \u00faltima vez el 1 de enero de 2015.<\/span><\/p>\t\t\t\t\t\t<\/div>\n\t\t\t\t<\/div>\n\t\t\t\t\t<\/div>\n\t\t<\/div>\n\t\t\t\t\t<\/div>\n\t\t<\/section>\n\t\t\t\t<\/div>\n\t\t","protected":false},"excerpt":{"rendered":"<p>Aviso legal y cookies Aviso legal 1. El titular de este sitio web es GAS-OILS LA SELVA S.L., con N.I.F. B17590027, con domicilio en carretera Angl\u00e8s, km 1 &#8211; bajo, c\u00f3digo postal 17430 de Santa Coloma de Farners (Girona). 2. El acceso al site de GAS-OILS LA SELVA S.L. es gratuito. Todo el contenido es [&hellip;]<\/p>\n","protected":false},"author":1,"featured_media":0,"parent":0,"menu_order":0,"comment_status":"closed","ping_status":"closed","template":"elementor_header_footer","meta":{"_acf_changed":false,"footnotes":""},"acf":[],"yoast_head":"<!-- This site is optimized with the Yoast SEO plugin v22.2 - https:\/\/yoast.com\/wordpress\/plugins\/seo\/ -->\n<title>Aviso Legal y Cookies | Gasoils La Selva<\/title>\n<meta name=\"description\" content=\"Consulta nuestra pol\u00edtica legal y de uso de cookies. Garantizamos tu privacidad mientras navegas por nuestro sitio web.\" \/>\n<meta name=\"robots\" content=\"noindex, follow\" \/>\n<meta property=\"og:locale\" content=\"es_ES\" \/>\n<meta property=\"og:type\" content=\"article\" \/>\n<meta property=\"og:title\" content=\"Aviso Legal y Cookies | Gasoils La Selva\" \/>\n<meta property=\"og:description\" content=\"Consulta nuestra pol\u00edtica legal y de uso de cookies. Garantizamos tu privacidad mientras navegas por nuestro sitio web.\" \/>\n<meta property=\"og:url\" content=\"https:\/\/gasoilslaselva.com\/es\/aviso-legal-y-cookies\/\" \/>\n<meta property=\"og:site_name\" content=\"Gasoils la Selva\" \/>\n<meta property=\"article:modified_time\" content=\"2025-07-15T11:07:52+00:00\" \/>\n<meta property=\"og:image\" content=\"https:\/\/gasoilslaselva.com\/wp-content\/uploads\/2021\/05\/GasoilsLaSelva.png\" \/>\n\t<meta property=\"og:image:width\" content=\"400\" \/>\n\t<meta property=\"og:image:height\" content=\"122\" \/>\n\t<meta property=\"og:image:type\" content=\"image\/png\" \/>\n<meta name=\"twitter:card\" content=\"summary_large_image\" \/>\n<meta name=\"twitter:label1\" content=\"Est. reading time\" \/>\n\t<meta name=\"twitter:data1\" content=\"5 minutes\" \/>\n<script type=\"application\/ld+json\" class=\"yoast-schema-graph\">{\"@context\":\"https:\/\/schema.org\",\"@graph\":[{\"@type\":\"WebPage\",\"@id\":\"https:\/\/gasoilslaselva.com\/es\/aviso-legal-y-cookies\/\",\"url\":\"https:\/\/gasoilslaselva.com\/es\/aviso-legal-y-cookies\/\",\"name\":\"Aviso Legal y Cookies | Gasoils La Selva\",\"isPartOf\":{\"@id\":\"https:\/\/gasoilslaselva.com\/es\/#website\"},\"datePublished\":\"2021-01-28T13:35:45+00:00\",\"dateModified\":\"2025-07-15T11:07:52+00:00\",\"description\":\"Consulta nuestra pol\u00edtica legal y de uso de cookies. Garantizamos tu privacidad mientras navegas por nuestro sitio web.\",\"breadcrumb\":{\"@id\":\"https:\/\/gasoilslaselva.com\/es\/aviso-legal-y-cookies\/#breadcrumb\"},\"inLanguage\":\"es\",\"potentialAction\":[{\"@type\":\"ReadAction\",\"target\":[\"https:\/\/gasoilslaselva.com\/es\/aviso-legal-y-cookies\/\"]}]},{\"@type\":\"BreadcrumbList\",\"@id\":\"https:\/\/gasoilslaselva.com\/es\/aviso-legal-y-cookies\/#breadcrumb\",\"itemListElement\":[{\"@type\":\"ListItem\",\"position\":1,\"name\":\"Portada\",\"item\":\"https:\/\/gasoilslaselva.com\/es\/\"},{\"@type\":\"ListItem\",\"position\":2,\"name\":\"Aviso legal y cookies\"}]},{\"@type\":\"WebSite\",\"@id\":\"https:\/\/gasoilslaselva.com\/es\/#website\",\"url\":\"https:\/\/gasoilslaselva.com\/es\/\",\"name\":\"Gasoils la Selva\",\"description\":\"Gasoils La Selva ofrece los mejores productos en el \u00e1mbito de la automoci\u00f3n, los trabajos agr\u00edcolas y los sistemas de calefacci\u00f3n.\",\"publisher\":{\"@id\":\"https:\/\/gasoilslaselva.com\/es\/#organization\"},\"potentialAction\":[{\"@type\":\"SearchAction\",\"target\":{\"@type\":\"EntryPoint\",\"urlTemplate\":\"https:\/\/gasoilslaselva.com\/es\/?s={search_term_string}\"},\"query-input\":\"required name=search_term_string\"}],\"inLanguage\":\"es\"},{\"@type\":\"Organization\",\"@id\":\"https:\/\/gasoilslaselva.com\/es\/#organization\",\"name\":\"Gasoils La Selva\",\"url\":\"https:\/\/gasoilslaselva.com\/es\/\",\"logo\":{\"@type\":\"ImageObject\",\"inLanguage\":\"es\",\"@id\":\"https:\/\/gasoilslaselva.com\/es\/#\/schema\/logo\/image\/\",\"url\":\"https:\/\/gasoilslaselva.com\/wp-content\/uploads\/2021\/05\/GasoilsLaSelva.png\",\"contentUrl\":\"https:\/\/gasoilslaselva.com\/wp-content\/uploads\/2021\/05\/GasoilsLaSelva.png\",\"width\":400,\"height\":122,\"caption\":\"Gasoils La Selva\"},\"image\":{\"@id\":\"https:\/\/gasoilslaselva.com\/es\/#\/schema\/logo\/image\/\"}}]}<\/script>\n<!-- \/ Yoast SEO plugin. -->","yoast_head_json":{"title":"Aviso Legal y Cookies | Gasoils La Selva","description":"Consulta nuestra pol\u00edtica legal y de uso de cookies. Garantizamos tu privacidad mientras navegas por nuestro sitio web.","robots":{"index":"noindex","follow":"follow"},"og_locale":"es_ES","og_type":"article","og_title":"Aviso Legal y Cookies | Gasoils La Selva","og_description":"Consulta nuestra pol\u00edtica legal y de uso de cookies. Garantizamos tu privacidad mientras navegas por nuestro sitio web.","og_url":"https:\/\/gasoilslaselva.com\/es\/aviso-legal-y-cookies\/","og_site_name":"Gasoils la Selva","article_modified_time":"2025-07-15T11:07:52+00:00","og_image":[{"width":400,"height":122,"url":"https:\/\/gasoilslaselva.com\/wp-content\/uploads\/2021\/05\/GasoilsLaSelva.png","type":"image\/png"}],"twitter_card":"summary_large_image","twitter_misc":{"Est. reading time":"5 minutes"},"schema":{"@context":"https:\/\/schema.org","@graph":[{"@type":"WebPage","@id":"https:\/\/gasoilslaselva.com\/es\/aviso-legal-y-cookies\/","url":"https:\/\/gasoilslaselva.com\/es\/aviso-legal-y-cookies\/","name":"Aviso Legal y Cookies | Gasoils La Selva","isPartOf":{"@id":"https:\/\/gasoilslaselva.com\/es\/#website"},"datePublished":"2021-01-28T13:35:45+00:00","dateModified":"2025-07-15T11:07:52+00:00","description":"Consulta nuestra pol\u00edtica legal y de uso de cookies. Garantizamos tu privacidad mientras navegas por nuestro sitio web.","breadcrumb":{"@id":"https:\/\/gasoilslaselva.com\/es\/aviso-legal-y-cookies\/#breadcrumb"},"inLanguage":"es","potentialAction":[{"@type":"ReadAction","target":["https:\/\/gasoilslaselva.com\/es\/aviso-legal-y-cookies\/"]}]},{"@type":"BreadcrumbList","@id":"https:\/\/gasoilslaselva.com\/es\/aviso-legal-y-cookies\/#breadcrumb","itemListElement":[{"@type":"ListItem","position":1,"name":"Portada","item":"https:\/\/gasoilslaselva.com\/es\/"},{"@type":"ListItem","position":2,"name":"Aviso legal y cookies"}]},{"@type":"WebSite","@id":"https:\/\/gasoilslaselva.com\/es\/#website","url":"https:\/\/gasoilslaselva.com\/es\/","name":"Gasoils la Selva","description":"Gasoils La Selva ofrece los mejores productos en el \u00e1mbito de la automoci\u00f3n, los trabajos agr\u00edcolas y los sistemas de calefacci\u00f3n.","publisher":{"@id":"https:\/\/gasoilslaselva.com\/es\/#organization"},"potentialAction":[{"@type":"SearchAction","target":{"@type":"EntryPoint","urlTemplate":"https:\/\/gasoilslaselva.com\/es\/?s={search_term_string}"},"query-input":"required name=search_term_string"}],"inLanguage":"es"},{"@type":"Organization","@id":"https:\/\/gasoilslaselva.com\/es\/#organization","name":"Gasoils La Selva","url":"https:\/\/gasoilslaselva.com\/es\/","logo":{"@type":"ImageObject","inLanguage":"es","@id":"https:\/\/gasoilslaselva.com\/es\/#\/schema\/logo\/image\/","url":"https:\/\/gasoilslaselva.com\/wp-content\/uploads\/2021\/05\/GasoilsLaSelva.png","contentUrl":"https:\/\/gasoilslaselva.com\/wp-content\/uploads\/2021\/05\/GasoilsLaSelva.png","width":400,"height":122,"caption":"Gasoils La Selva"},"image":{"@id":"https:\/\/gasoilslaselva.com\/es\/#\/schema\/logo\/image\/"}}]}},"_links":{"self":[{"href":"https:\/\/gasoilslaselva.com\/es\/wp-json\/wp\/v2\/pages\/459"}],"collection":[{"href":"https:\/\/gasoilslaselva.com\/es\/wp-json\/wp\/v2\/pages"}],"about":[{"href":"https:\/\/gasoilslaselva.com\/es\/wp-json\/wp\/v2\/types\/page"}],"author":[{"embeddable":true,"href":"https:\/\/gasoilslaselva.com\/es\/wp-json\/wp\/v2\/users\/1"}],"replies":[{"embeddable":true,"href":"https:\/\/gasoilslaselva.com\/es\/wp-json\/wp\/v2\/comments?post=459"}],"version-history":[{"count":1,"href":"https:\/\/gasoilslaselva.com\/es\/wp-json\/wp\/v2\/pages\/459\/revisions"}],"predecessor-version":[{"id":1949,"href":"https:\/\/gasoilslaselva.com\/es\/wp-json\/wp\/v2\/pages\/459\/revisions\/1949"}],"wp:attachment":[{"href":"https:\/\/gasoilslaselva.com\/es\/wp-json\/wp\/v2\/media?parent=459"}],"curies":[{"name":"wp","href":"https:\/\/api.w.org\/{rel}","templated":true}]}}