{"id":454,"date":"2021-01-28T13:31:41","date_gmt":"2021-01-28T13:31:41","guid":{"rendered":"https:\/\/gasoilslaselva.com\/?page_id=454"},"modified":"2025-07-15T13:07:48","modified_gmt":"2025-07-15T11:07:48","slug":"politica-de-privacidad","status":"publish","type":"page","link":"https:\/\/gasoilslaselva.com\/es\/politica-de-privacidad\/","title":{"rendered":"Pol\u00edtica de privacidad"},"content":{"rendered":"\t\t<div data-elementor-type=\"wp-page\" data-elementor-id=\"454\" class=\"elementor elementor-454\" data-elementor-post-type=\"page\">\n\t\t\t\t\t\t<section class=\"elementor-section elementor-top-section elementor-element elementor-element-52d8258 elementor-section-boxed elementor-section-height-default elementor-section-height-default\" data-id=\"52d8258\" data-element_type=\"section\">\n\t\t\t\t\t\t<div class=\"elementor-container elementor-column-gap-default\">\n\t\t\t\t\t<div class=\"elementor-column elementor-col-100 elementor-top-column elementor-element elementor-element-f2ce79b\" data-id=\"f2ce79b\" data-element_type=\"column\">\n\t\t\t<div class=\"elementor-widget-wrap elementor-element-populated\">\n\t\t\t\t\t\t<div class=\"elementor-element elementor-element-dfd288f animated-slow elementor-align-center elementor-invisible elementor-widget elementor-widget-lottie\" data-id=\"dfd288f\" data-element_type=\"widget\" data-settings=\"{&quot;source&quot;:&quot;external_url&quot;,&quot;source_external_url&quot;:{&quot;url&quot;:&quot;https:\\\/\\\/assets8.lottiefiles.com\\\/private_files\\\/lf30_abpsfqg6.json&quot;,&quot;is_external&quot;:&quot;&quot;,&quot;nofollow&quot;:&quot;&quot;,&quot;custom_attributes&quot;:&quot;&quot;},&quot;trigger&quot;:&quot;none&quot;,&quot;loop&quot;:&quot;yes&quot;,&quot;motion_fx_motion_fx_mouse&quot;:&quot;yes&quot;,&quot;motion_fx_mouseTrack_effect&quot;:&quot;yes&quot;,&quot;motion_fx_mouseTrack_direction&quot;:&quot;negative&quot;,&quot;_animation&quot;:&quot;fadeIn&quot;,&quot;link_to&quot;:&quot;none&quot;,&quot;play_speed&quot;:{&quot;unit&quot;:&quot;px&quot;,&quot;size&quot;:1,&quot;sizes&quot;:[]},&quot;start_point&quot;:{&quot;unit&quot;:&quot;%&quot;,&quot;size&quot;:0,&quot;sizes&quot;:[]},&quot;end_point&quot;:{&quot;unit&quot;:&quot;%&quot;,&quot;size&quot;:100,&quot;sizes&quot;:[]},&quot;renderer&quot;:&quot;svg&quot;,&quot;motion_fx_mouseTrack_speed&quot;:{&quot;unit&quot;:&quot;px&quot;,&quot;size&quot;:1,&quot;sizes&quot;:[]}}\" data-widget_type=\"lottie.default\">\n\t\t\t\t<div class=\"elementor-widget-container\">\n\t\t\t<style>\/*! elementor-pro - v3.19.0 - 26-02-2024 *\/\n.e-lottie__container{display:inline-block;max-width:var(--lottie-container-max-width);width:var(--lottie-container-width);opacity:var(--lottie-container-opacity)}.e-lottie__container:hover{opacity:var(--lottie-container-opacity-hover);transition-duration:var(--lottie-container-transition-duration-hover)}.e-lottie__container svg,.e-lottie__container svg *{transition:none!important}.e-lottie__caption{color:var(--caption-color);margin-top:var(--caption-margin-top);text-align:var(--caption-text-align)}<\/style><div class=\"e-lottie__container\"><div class=\"e-lottie__animation\"><\/div><\/div>\t\t<\/div>\n\t\t\t\t<\/div>\n\t\t\t\t<div class=\"elementor-element elementor-element-c3bcabd animated-slow elementor-invisible elementor-widget elementor-widget-heading\" data-id=\"c3bcabd\" data-element_type=\"widget\" data-settings=\"{&quot;_animation&quot;:&quot;fadeInUp&quot;,&quot;_animation_delay&quot;:300}\" data-widget_type=\"heading.default\">\n\t\t\t\t<div class=\"elementor-widget-container\">\n\t\t\t<style>\/*! elementor - v3.19.0 - 28-02-2024 *\/\n.elementor-heading-title{padding:0;margin:0;line-height:1}.elementor-widget-heading .elementor-heading-title[class*=elementor-size-]>a{color:inherit;font-size:inherit;line-height:inherit}.elementor-widget-heading .elementor-heading-title.elementor-size-small{font-size:15px}.elementor-widget-heading .elementor-heading-title.elementor-size-medium{font-size:19px}.elementor-widget-heading .elementor-heading-title.elementor-size-large{font-size:29px}.elementor-widget-heading .elementor-heading-title.elementor-size-xl{font-size:39px}.elementor-widget-heading .elementor-heading-title.elementor-size-xxl{font-size:59px}<\/style><h1 class=\"elementor-heading-title elementor-size-default\">Pol\u00edtica de privacidad<\/h1>\t\t<\/div>\n\t\t\t\t<\/div>\n\t\t\t\t\t<\/div>\n\t\t<\/div>\n\t\t\t\t\t<\/div>\n\t\t<\/section>\n\t\t\t\t<section class=\"elementor-section elementor-top-section elementor-element elementor-element-638d9d4 elementor-section-boxed elementor-section-height-default elementor-section-height-default\" data-id=\"638d9d4\" data-element_type=\"section\">\n\t\t\t\t\t\t<div class=\"elementor-container elementor-column-gap-default\">\n\t\t\t\t\t<div class=\"elementor-column elementor-col-100 elementor-top-column elementor-element elementor-element-dd46117\" data-id=\"dd46117\" data-element_type=\"column\">\n\t\t\t<div class=\"elementor-widget-wrap elementor-element-populated\">\n\t\t\t\t\t\t<div class=\"elementor-element elementor-element-99bdb24 elementor-widget elementor-widget-heading\" data-id=\"99bdb24\" data-element_type=\"widget\" data-widget_type=\"heading.default\">\n\t\t\t\t<div class=\"elementor-widget-container\">\n\t\t\t<h2 class=\"elementor-heading-title elementor-size-default\">Pol\u00edtica de Privacidad<\/h2>\t\t<\/div>\n\t\t\t\t<\/div>\n\t\t\t\t<div class=\"elementor-element elementor-element-91790fa elementor-widget elementor-widget-text-editor\" data-id=\"91790fa\" data-element_type=\"widget\" data-widget_type=\"text-editor.default\">\n\t\t\t\t<div class=\"elementor-widget-container\">\n\t\t\t<style>\/*! elementor - v3.19.0 - 28-02-2024 *\/\n.elementor-widget-text-editor.elementor-drop-cap-view-stacked .elementor-drop-cap{background-color:#69727d;color:#fff}.elementor-widget-text-editor.elementor-drop-cap-view-framed .elementor-drop-cap{color:#69727d;border:3px solid;background-color:transparent}.elementor-widget-text-editor:not(.elementor-drop-cap-view-default) .elementor-drop-cap{margin-top:8px}.elementor-widget-text-editor:not(.elementor-drop-cap-view-default) .elementor-drop-cap-letter{width:1em;height:1em}.elementor-widget-text-editor .elementor-drop-cap{float:left;text-align:center;line-height:1;font-size:50px}.elementor-widget-text-editor .elementor-drop-cap-letter{display:inline-block}<\/style>\t\t\t\t<ol><li><b> USO Y TRATAMIENTO DE DATOS DE CAR\u00c1CTER PERSONAL<\/b><\/li><\/ol><p><span style=\"font-weight: 400;\">GAS-OILS LA SELVA S.L. le informa que los datos de car\u00e1cter personal que pudieran proporcionarse, a trav\u00e9s del website, as\u00ed como los que pudiera facilitar en el futuro en el marco de su relaci\u00f3n jur\u00eddica con esta entidad, ser\u00e1n incorporados en los ficheros titularidad de GAS-OILS LA SELVA S.L., cuyos datos constan en el encabezamiento.<\/span><\/p><p><span style=\"font-weight: 400;\">Estos ficheros tienen la finalidad de gestionar, administrar, prestarle los servicios o facilitarle los productos que solicite, y en su caso, para el cumplimiento y ejecuci\u00f3n de los contratos que pudiera celebrar, conocer mejor sus gustos, adecuar los servicios a sus preferencias, as\u00ed como poder ofrecerle nuevos servicios o productos y enviarle informaci\u00f3n relacionada con las actividades de GAS-OILS LA SELVA S.L., a trav\u00e9s de cualquier medio, incluso el electr\u00f3nico. Los destinatarios de la informaci\u00f3n recogida ser\u00e1n, principalmente, los empleados de GAS-OILS LA SELVA S.L.<\/span><\/p><p><span style=\"font-weight: 400;\">Salvo en los campos en que expresamente se determine lo contrario por medio de un asterisco (*), las respuestas a las preguntas sobre datos personales son voluntarias, sin que la falta de contestaci\u00f3n a dichas preguntas implique una merma en la calidad de los servicios que Usted solicita. La falta de cumplimentaci\u00f3n de los campos determinados como obligatorios o el suministro de datos incorrectos imposibilitar\u00e1 que GAS-OILS LA SELVA S.L. pueda prestarle los servicios o le facilite los productos que solicite.<\/span><\/p><p><span style=\"font-weight: 400;\">El consentimiento otorgado para el tratamiento de sus datos personales, puede ser revocado en cualquier momento, dirigi\u00e9ndose a la direcci\u00f3n de GAS-OILS LA SELVA S.L. o a trav\u00e9s del correo electr\u00f3nico gls@gasoilslaselva.com.<\/span><\/p><p><span style=\"font-weight: 400;\">Los usuarios garantizan y responden, en cualquier caso, de la exactitud, vigencia y autenticidad de los datos personales facilitados y se comprometen a mantenerlos debidamente actualizados.<\/span><\/p><ol start=\"2\"><li><b> EJERCICIO DE DERECHOS: ACCESO, RECTIFICACI\u00d3N, CANCELACI\u00d3N Y OPOSICI\u00d3N<\/b><\/li><\/ol><p><span style=\"font-weight: 400;\">Aquellas personas f\u00edsicas que hayan facilitado sus datos a GAS-OILS LA SELVA S.L. podr\u00e1n ejercitar gratuitamente los derechos de acceso, rectificaci\u00f3n, cancelaci\u00f3n y oposici\u00f3n respecto de los datos incorporados en los ficheros de GAS-OILS LA SELVA S.L.<\/span><\/p><p><span style=\"font-weight: 400;\">Dado el car\u00e1cter confidencial de la informaci\u00f3n, Vd. no podr\u00e1 ejercitar sus derechos telef\u00f3nicamente, lo debe solicitar por cualquier medio que deje constancia de su env\u00edo y de su recepci\u00f3n y remitir copia de su DNI o documento equivalente.<\/span><\/p><p><span style=\"font-weight: 400;\">El interesado podr\u00e1 ejercitar sus derechos mediante comunicaci\u00f3n por escrito dirigida a GAS-OILS LA SELVA S.L. en la direcci\u00f3n indicada al inicio o a la direcci\u00f3n de correo electr\u00f3nico <\/span><a href=\"mailto:gls@gasoilslaselva.com\"><span style=\"font-weight: 400;\">gls@gasoilslaselva.com<\/span><\/a><span style=\"font-weight: 400;\">.<\/span><\/p><ol start=\"3\"><li><b> MEDIDAS DE SEGURIDAD<\/b><\/li><\/ol><p><span style=\"font-weight: 400;\">GAS-OILS LA SELVA S.L. le informa que tiene implantadas las medidas de seguridad de \u00edndole t\u00e9cnica y organizativas necesarias para garantizar la seguridad de sus datos de car\u00e1cter personal y evitar su alteraci\u00f3n, p\u00e9rdida y tratamiento y\/o acceso no autorizado, habida cuenta del estado de la tecnolog\u00eda, la naturaleza de los datos almacenados y los riesgos a que est\u00e1n expuestos, ya provengan de la acci\u00f3n humana o del medio f\u00edsico o natural.<\/span><\/p><p><span style=\"font-weight: 400;\">El usuario debe ser consciente de que las medidas de seguridad en Internet no son inexpugnables y enteramente fiables y que GAS-OILS LA SELVA S.L. no puede garantizar la inexistencia de virus u otros elementos que pudieran producir alteraciones en los sistemas inform\u00e1ticos (software y hardware) del usuario.<\/span><\/p><ol start=\"4\"><li><b> MENORES DE EDAD<\/b><\/li><\/ol><p><span style=\"font-weight: 400;\">En el supuesto que alguno de los servicios y productos vayan dirigidos a menores de 14 a\u00f1os. GAS-OILS LA SELVA S.L. solicitar\u00e1 el consentimiento de los padres o tutores para la recogida de los datos personales del menor.<\/span><\/p><p><span style=\"font-weight: 400;\">GAS-OILS LA SELVA S.L. no responde de aquellos datos de menores que sin poder conocer GAS-OILS LA SELVA S.L. este hecho se haya facilitado sin el consentimiento de los padres o tutores.<\/span><\/p><ol start=\"5\"><li><b> MODIFICACI\u00d3N DE LA POL\u00cdTICA DE PRIVACIDAD<\/b><\/li><\/ol><p><span style=\"font-weight: 400;\">GAS-OILS LA SELVA S.L. se reserva el derecho a modificar su Pol\u00edtica de Privacidad, de acuerdo a su propio criterio, o motivado por un cambio doctrinal de la Autoridad competente en Protecci\u00f3n de Datos, legislativo o jurisprudencial. Cualquier modificaci\u00f3n de la Pol\u00edtica de Privacidad ser\u00e1 publicada, antes de su efectiva aplicaci\u00f3n. El uso del Web despu\u00e9s de dichos cambios, implicar\u00e1 la aceptaci\u00f3n de \u00e9stos.<\/span><\/p><ol start=\"6\"><li><b> LEGISLACI\u00d3N APLICABLE<\/b><\/li><\/ol><p><span style=\"font-weight: 400;\">Cualquier controversia que se derive del uso de este site, ser\u00e1 regida, interpretada y sometida de acuerdo con las leyes de Espa\u00f1a.\u00a0<\/span><\/p>\t\t\t\t\t\t<\/div>\n\t\t\t\t<\/div>\n\t\t\t\t\t<\/div>\n\t\t<\/div>\n\t\t\t\t\t<\/div>\n\t\t<\/section>\n\t\t\t\t<\/div>\n\t\t","protected":false},"excerpt":{"rendered":"<p>Pol\u00edtica de privacidad Pol\u00edtica de Privacidad USO Y TRATAMIENTO DE DATOS DE CAR\u00c1CTER PERSONAL GAS-OILS LA SELVA S.L. le informa que los datos de car\u00e1cter personal que pudieran proporcionarse, a trav\u00e9s del website, as\u00ed como los que pudiera facilitar en el futuro en el marco de su relaci\u00f3n jur\u00eddica con esta entidad, ser\u00e1n incorporados en [&hellip;]<\/p>\n","protected":false},"author":1,"featured_media":0,"parent":0,"menu_order":0,"comment_status":"closed","ping_status":"closed","template":"elementor_header_footer","meta":{"_acf_changed":false,"footnotes":""},"acf":[],"yoast_head":"<!-- This site is optimized with the Yoast SEO plugin v22.2 - https:\/\/yoast.com\/wordpress\/plugins\/seo\/ -->\n<title>Pol\u00edtica de Privacidad | Gasoils La Selva<\/title>\n<meta name=\"description\" content=\"Conoce c\u00f3mo gestionamos tu informaci\u00f3n y protegemos tu privacidad. Nuestra pol\u00edtica asegura la confidencialidad y la seguridad de tus datos.\" \/>\n<meta name=\"robots\" content=\"noindex, follow\" \/>\n<meta property=\"og:locale\" content=\"es_ES\" \/>\n<meta property=\"og:type\" content=\"article\" \/>\n<meta property=\"og:title\" content=\"Pol\u00edtica de Privacidad | Gasoils La Selva\" \/>\n<meta property=\"og:description\" content=\"Conoce c\u00f3mo gestionamos tu informaci\u00f3n y protegemos tu privacidad. Nuestra pol\u00edtica asegura la confidencialidad y la seguridad de tus datos.\" \/>\n<meta property=\"og:url\" content=\"https:\/\/gasoilslaselva.com\/es\/politica-de-privacidad\/\" \/>\n<meta property=\"og:site_name\" content=\"Gasoils la Selva\" \/>\n<meta property=\"article:modified_time\" content=\"2025-07-15T11:07:48+00:00\" \/>\n<meta property=\"og:image\" content=\"https:\/\/gasoilslaselva.com\/wp-content\/uploads\/2021\/05\/GasoilsLaSelva.png\" \/>\n\t<meta property=\"og:image:width\" content=\"400\" \/>\n\t<meta property=\"og:image:height\" content=\"122\" \/>\n\t<meta property=\"og:image:type\" content=\"image\/png\" \/>\n<meta name=\"twitter:card\" content=\"summary_large_image\" \/>\n<meta name=\"twitter:label1\" content=\"Est. reading time\" \/>\n\t<meta name=\"twitter:data1\" content=\"4 minutes\" \/>\n<script type=\"application\/ld+json\" class=\"yoast-schema-graph\">{\"@context\":\"https:\/\/schema.org\",\"@graph\":[{\"@type\":\"WebPage\",\"@id\":\"https:\/\/gasoilslaselva.com\/es\/politica-de-privacidad\/\",\"url\":\"https:\/\/gasoilslaselva.com\/es\/politica-de-privacidad\/\",\"name\":\"Pol\u00edtica de Privacidad | Gasoils La Selva\",\"isPartOf\":{\"@id\":\"https:\/\/gasoilslaselva.com\/es\/#website\"},\"datePublished\":\"2021-01-28T13:31:41+00:00\",\"dateModified\":\"2025-07-15T11:07:48+00:00\",\"description\":\"Conoce c\u00f3mo gestionamos tu informaci\u00f3n y protegemos tu privacidad. Nuestra pol\u00edtica asegura la confidencialidad y la seguridad de tus datos.\",\"breadcrumb\":{\"@id\":\"https:\/\/gasoilslaselva.com\/es\/politica-de-privacidad\/#breadcrumb\"},\"inLanguage\":\"es\",\"potentialAction\":[{\"@type\":\"ReadAction\",\"target\":[\"https:\/\/gasoilslaselva.com\/es\/politica-de-privacidad\/\"]}]},{\"@type\":\"BreadcrumbList\",\"@id\":\"https:\/\/gasoilslaselva.com\/es\/politica-de-privacidad\/#breadcrumb\",\"itemListElement\":[{\"@type\":\"ListItem\",\"position\":1,\"name\":\"Portada\",\"item\":\"https:\/\/gasoilslaselva.com\/es\/\"},{\"@type\":\"ListItem\",\"position\":2,\"name\":\"Pol\u00edtica de privacidad\"}]},{\"@type\":\"WebSite\",\"@id\":\"https:\/\/gasoilslaselva.com\/es\/#website\",\"url\":\"https:\/\/gasoilslaselva.com\/es\/\",\"name\":\"Gasoils la Selva\",\"description\":\"Gasoils La Selva ofrece los mejores productos en el \u00e1mbito de la automoci\u00f3n, los trabajos agr\u00edcolas y los sistemas de calefacci\u00f3n.\",\"publisher\":{\"@id\":\"https:\/\/gasoilslaselva.com\/es\/#organization\"},\"potentialAction\":[{\"@type\":\"SearchAction\",\"target\":{\"@type\":\"EntryPoint\",\"urlTemplate\":\"https:\/\/gasoilslaselva.com\/es\/?s={search_term_string}\"},\"query-input\":\"required name=search_term_string\"}],\"inLanguage\":\"es\"},{\"@type\":\"Organization\",\"@id\":\"https:\/\/gasoilslaselva.com\/es\/#organization\",\"name\":\"Gasoils La Selva\",\"url\":\"https:\/\/gasoilslaselva.com\/es\/\",\"logo\":{\"@type\":\"ImageObject\",\"inLanguage\":\"es\",\"@id\":\"https:\/\/gasoilslaselva.com\/es\/#\/schema\/logo\/image\/\",\"url\":\"https:\/\/gasoilslaselva.com\/wp-content\/uploads\/2021\/05\/GasoilsLaSelva.png\",\"contentUrl\":\"https:\/\/gasoilslaselva.com\/wp-content\/uploads\/2021\/05\/GasoilsLaSelva.png\",\"width\":400,\"height\":122,\"caption\":\"Gasoils La Selva\"},\"image\":{\"@id\":\"https:\/\/gasoilslaselva.com\/es\/#\/schema\/logo\/image\/\"}}]}<\/script>\n<!-- \/ Yoast SEO plugin. -->","yoast_head_json":{"title":"Pol\u00edtica de Privacidad | Gasoils La Selva","description":"Conoce c\u00f3mo gestionamos tu informaci\u00f3n y protegemos tu privacidad. Nuestra pol\u00edtica asegura la confidencialidad y la seguridad de tus datos.","robots":{"index":"noindex","follow":"follow"},"og_locale":"es_ES","og_type":"article","og_title":"Pol\u00edtica de Privacidad | Gasoils La Selva","og_description":"Conoce c\u00f3mo gestionamos tu informaci\u00f3n y protegemos tu privacidad. Nuestra pol\u00edtica asegura la confidencialidad y la seguridad de tus datos.","og_url":"https:\/\/gasoilslaselva.com\/es\/politica-de-privacidad\/","og_site_name":"Gasoils la Selva","article_modified_time":"2025-07-15T11:07:48+00:00","og_image":[{"width":400,"height":122,"url":"https:\/\/gasoilslaselva.com\/wp-content\/uploads\/2021\/05\/GasoilsLaSelva.png","type":"image\/png"}],"twitter_card":"summary_large_image","twitter_misc":{"Est. reading time":"4 minutes"},"schema":{"@context":"https:\/\/schema.org","@graph":[{"@type":"WebPage","@id":"https:\/\/gasoilslaselva.com\/es\/politica-de-privacidad\/","url":"https:\/\/gasoilslaselva.com\/es\/politica-de-privacidad\/","name":"Pol\u00edtica de Privacidad | Gasoils La Selva","isPartOf":{"@id":"https:\/\/gasoilslaselva.com\/es\/#website"},"datePublished":"2021-01-28T13:31:41+00:00","dateModified":"2025-07-15T11:07:48+00:00","description":"Conoce c\u00f3mo gestionamos tu informaci\u00f3n y protegemos tu privacidad. Nuestra pol\u00edtica asegura la confidencialidad y la seguridad de tus datos.","breadcrumb":{"@id":"https:\/\/gasoilslaselva.com\/es\/politica-de-privacidad\/#breadcrumb"},"inLanguage":"es","potentialAction":[{"@type":"ReadAction","target":["https:\/\/gasoilslaselva.com\/es\/politica-de-privacidad\/"]}]},{"@type":"BreadcrumbList","@id":"https:\/\/gasoilslaselva.com\/es\/politica-de-privacidad\/#breadcrumb","itemListElement":[{"@type":"ListItem","position":1,"name":"Portada","item":"https:\/\/gasoilslaselva.com\/es\/"},{"@type":"ListItem","position":2,"name":"Pol\u00edtica de privacidad"}]},{"@type":"WebSite","@id":"https:\/\/gasoilslaselva.com\/es\/#website","url":"https:\/\/gasoilslaselva.com\/es\/","name":"Gasoils la Selva","description":"Gasoils La Selva ofrece los mejores productos en el \u00e1mbito de la automoci\u00f3n, los trabajos agr\u00edcolas y los sistemas de calefacci\u00f3n.","publisher":{"@id":"https:\/\/gasoilslaselva.com\/es\/#organization"},"potentialAction":[{"@type":"SearchAction","target":{"@type":"EntryPoint","urlTemplate":"https:\/\/gasoilslaselva.com\/es\/?s={search_term_string}"},"query-input":"required name=search_term_string"}],"inLanguage":"es"},{"@type":"Organization","@id":"https:\/\/gasoilslaselva.com\/es\/#organization","name":"Gasoils La Selva","url":"https:\/\/gasoilslaselva.com\/es\/","logo":{"@type":"ImageObject","inLanguage":"es","@id":"https:\/\/gasoilslaselva.com\/es\/#\/schema\/logo\/image\/","url":"https:\/\/gasoilslaselva.com\/wp-content\/uploads\/2021\/05\/GasoilsLaSelva.png","contentUrl":"https:\/\/gasoilslaselva.com\/wp-content\/uploads\/2021\/05\/GasoilsLaSelva.png","width":400,"height":122,"caption":"Gasoils La Selva"},"image":{"@id":"https:\/\/gasoilslaselva.com\/es\/#\/schema\/logo\/image\/"}}]}},"_links":{"self":[{"href":"https:\/\/gasoilslaselva.com\/es\/wp-json\/wp\/v2\/pages\/454"}],"collection":[{"href":"https:\/\/gasoilslaselva.com\/es\/wp-json\/wp\/v2\/pages"}],"about":[{"href":"https:\/\/gasoilslaselva.com\/es\/wp-json\/wp\/v2\/types\/page"}],"author":[{"embeddable":true,"href":"https:\/\/gasoilslaselva.com\/es\/wp-json\/wp\/v2\/users\/1"}],"replies":[{"embeddable":true,"href":"https:\/\/gasoilslaselva.com\/es\/wp-json\/wp\/v2\/comments?post=454"}],"version-history":[{"count":1,"href":"https:\/\/gasoilslaselva.com\/es\/wp-json\/wp\/v2\/pages\/454\/revisions"}],"predecessor-version":[{"id":1948,"href":"https:\/\/gasoilslaselva.com\/es\/wp-json\/wp\/v2\/pages\/454\/revisions\/1948"}],"wp:attachment":[{"href":"https:\/\/gasoilslaselva.com\/es\/wp-json\/wp\/v2\/media?parent=454"}],"curies":[{"name":"wp","href":"https:\/\/api.w.org\/{rel}","templated":true}]}}